{"id":16,"date":"2020-05-14T21:16:01","date_gmt":"2020-05-14T19:16:01","guid":{"rendered":"http:\/\/epalu.fr\/?page_id=16"},"modified":"2020-06-05T14:57:57","modified_gmt":"2020-06-05T12:57:57","slug":"qui-sommes-nous","status":"publish","type":"page","link":"https:\/\/epalu.fr\/index.php\/qui-sommes-nous\/","title":{"rendered":"Qui sommes nous ?"},"content":{"rendered":"\n<p>En 1999, l&rsquo;entreprise EPALU s&rsquo;est install\u00e9e \u00e0 Nogent-sur-Vernisson, au sud de Montargis et r\u00e9alise tous types de travaux de couverture. Nous travaillons des mat\u00e9riaux divers tels que&nbsp;: les&nbsp;tuiles, l&rsquo;ardoise, le&nbsp;zinc, les&nbsp;t\u00f4les, le&nbsp;bitume, le&nbsp;chaume, les&nbsp;bardeaux, le&nbsp;bois&nbsp;(liteau,&nbsp;volige), sans oublier divers ouvrages accessoires destin\u00e9s \u00e0 la protection climatique du b\u00e2timent (isolation thermique,&nbsp;sous-toiture) et autres.<\/p>\n\n\n\n<p>Depuis 2006, l&rsquo;entreprise EPALU intervient en plomberie et chauffage, et vous accompagne dans vos projets de r\u00e9novation et d&rsquo;am\u00e9lioration de votre habitat (ex: r\u00e9alisation de salle de bains)<\/p>\n\n\n\n<p>Nous disposons de toutes les qualifications et certifications n\u00e9cessaires afin d&rsquo;assurer la long\u00e9vit\u00e9 et la fiabilit\u00e9 de vos installations.<\/p>\n\n\n\n<p><\/p>\n\n\n\n<h2 class=\"has-text-align-center wp-block-heading\"><strong>Certifications<\/strong><\/h2>\n\n\n\n<figure class=\"wp-block-gallery columns-3 wp-block-gallery-1 is-layout-flex wp-block-gallery-is-layout-flex\"><ul class=\"blocks-gallery-grid\"><li class=\"blocks-gallery-item\"><figure><img loading=\"lazy\" decoding=\"async\" width=\"320\" height=\"180\" src=\"https:\/\/epalu.fr\/wp-content\/uploads\/2020\/05\/qualipac.jpg\" alt=\"\" data-id=\"53\" data-full-url=\"https:\/\/epalu.fr\/wp-content\/uploads\/2020\/05\/qualipac.jpg\" data-link=\"https:\/\/epalu.fr\/qualipac\/\" class=\"wp-image-53\" srcset=\"https:\/\/epalu.fr\/wp-content\/uploads\/2020\/05\/qualipac.jpg 320w, https:\/\/epalu.fr\/wp-content\/uploads\/2020\/05\/qualipac-300x169.jpg 300w\" sizes=\"(max-width: 320px) 100vw, 320px\" \/><\/figure><\/li><li class=\"blocks-gallery-item\"><figure><img loading=\"lazy\" decoding=\"async\" width=\"1011\" height=\"595\" src=\"https:\/\/epalu.fr\/wp-content\/uploads\/2020\/05\/qualibois.jpg\" alt=\"\" data-id=\"52\" data-full-url=\"https:\/\/epalu.fr\/wp-content\/uploads\/2020\/05\/qualibois.jpg\" data-link=\"https:\/\/epalu.fr\/qualibois\/\" class=\"wp-image-52\" srcset=\"https:\/\/epalu.fr\/wp-content\/uploads\/2020\/05\/qualibois.jpg 1011w, https:\/\/epalu.fr\/wp-content\/uploads\/2020\/05\/qualibois-300x177.jpg 300w, https:\/\/epalu.fr\/wp-content\/uploads\/2020\/05\/qualibois-768x452.jpg 768w\" sizes=\"(max-width: 1011px) 100vw, 1011px\" \/><\/figure><\/li><li class=\"blocks-gallery-item\"><figure><img loading=\"lazy\" decoding=\"async\" width=\"209\" height=\"300\" src=\"https:\/\/epalu.fr\/wp-content\/uploads\/2020\/05\/quali2-209x300-1.jpg\" alt=\"\" data-id=\"51\" data-full-url=\"https:\/\/epalu.fr\/wp-content\/uploads\/2020\/05\/quali2-209x300-1.jpg\" data-link=\"https:\/\/epalu.fr\/qualibat_eff_energ_enr_rge\/\" class=\"wp-image-51\"\/><\/figure><\/li><\/ul><\/figure>\n\n\n\n<div class=\"wp-block-group\"><div class=\"wp-block-group__inner-container is-layout-flow wp-block-group-is-layout-flow\">\n<hr class=\"wp-block-separator\"\/>\n\n\n\n<h2 class=\"has-text-align-center wp-block-heading\">Venez nous voir au bureau !<\/h2>\n\n\n\n<p><\/p>\n<\/div><\/div>\n\n\n\n<figure class=\"wp-block-gallery columns-3 wp-block-gallery-2 is-layout-flex wp-block-gallery-is-layout-flex\"><ul class=\"blocks-gallery-grid\"><li class=\"blocks-gallery-item\"><figure><img loading=\"lazy\" decoding=\"async\" width=\"225\" height=\"300\" src=\"https:\/\/epalu.fr\/wp-content\/uploads\/2020\/06\/IMG_20180918_161804-225x300.jpg\" alt=\"\" data-id=\"177\" data-full-url=\"https:\/\/epalu.fr\/wp-content\/uploads\/2020\/06\/IMG_20180918_161804-scaled.jpg\" data-link=\"https:\/\/epalu.fr\/index.php\/qui-sommes-nous\/cof-7\/\" class=\"wp-image-177\" srcset=\"https:\/\/epalu.fr\/wp-content\/uploads\/2020\/06\/IMG_20180918_161804-225x300.jpg 225w, https:\/\/epalu.fr\/wp-content\/uploads\/2020\/06\/IMG_20180918_161804-768x1024.jpg 768w, https:\/\/epalu.fr\/wp-content\/uploads\/2020\/06\/IMG_20180918_161804-1152x1536.jpg 1152w, https:\/\/epalu.fr\/wp-content\/uploads\/2020\/06\/IMG_20180918_161804-1536x2048.jpg 1536w, https:\/\/epalu.fr\/wp-content\/uploads\/2020\/06\/IMG_20180918_161804-scaled.jpg 1920w\" sizes=\"(max-width: 225px) 100vw, 225px\" \/><\/figure><\/li><li class=\"blocks-gallery-item\"><figure><img loading=\"lazy\" decoding=\"async\" width=\"140\" height=\"300\" src=\"https:\/\/epalu.fr\/wp-content\/uploads\/2020\/06\/IMG_20200604_140018-140x300.jpg\" alt=\"\" data-id=\"179\" data-full-url=\"https:\/\/epalu.fr\/wp-content\/uploads\/2020\/06\/IMG_20200604_140018-scaled.jpg\" data-link=\"https:\/\/epalu.fr\/index.php\/qui-sommes-nous\/edf\/\" class=\"wp-image-179\" srcset=\"https:\/\/epalu.fr\/wp-content\/uploads\/2020\/06\/IMG_20200604_140018-140x300.jpg 140w, https:\/\/epalu.fr\/wp-content\/uploads\/2020\/06\/IMG_20200604_140018-477x1024.jpg 477w, https:\/\/epalu.fr\/wp-content\/uploads\/2020\/06\/IMG_20200604_140018-768x1650.jpg 768w, https:\/\/epalu.fr\/wp-content\/uploads\/2020\/06\/IMG_20200604_140018-715x1536.jpg 715w, https:\/\/epalu.fr\/wp-content\/uploads\/2020\/06\/IMG_20200604_140018-953x2048.jpg 953w, https:\/\/epalu.fr\/wp-content\/uploads\/2020\/06\/IMG_20200604_140018-scaled.jpg 1192w\" sizes=\"(max-width: 140px) 100vw, 140px\" \/><\/figure><\/li><li class=\"blocks-gallery-item\"><figure><img loading=\"lazy\" decoding=\"async\" width=\"300\" height=\"205\" src=\"https:\/\/epalu.fr\/wp-content\/uploads\/2020\/06\/IMG_20200604_140108-300x205.jpg\" alt=\"\" data-id=\"181\" data-full-url=\"https:\/\/epalu.fr\/wp-content\/uploads\/2020\/06\/IMG_20200604_140108-scaled.jpg\" data-link=\"https:\/\/epalu.fr\/index.php\/qui-sommes-nous\/edf-3\/\" class=\"wp-image-181\" srcset=\"https:\/\/epalu.fr\/wp-content\/uploads\/2020\/06\/IMG_20200604_140108-300x205.jpg 300w, https:\/\/epalu.fr\/wp-content\/uploads\/2020\/06\/IMG_20200604_140108-1024x701.jpg 1024w, https:\/\/epalu.fr\/wp-content\/uploads\/2020\/06\/IMG_20200604_140108-768x526.jpg 768w, https:\/\/epalu.fr\/wp-content\/uploads\/2020\/06\/IMG_20200604_140108-1536x1051.jpg 1536w, https:\/\/epalu.fr\/wp-content\/uploads\/2020\/06\/IMG_20200604_140108-2048x1402.jpg 2048w\" sizes=\"(max-width: 300px) 100vw, 300px\" \/><\/figure><\/li><li class=\"blocks-gallery-item\"><figure><img loading=\"lazy\" decoding=\"async\" width=\"300\" height=\"219\" src=\"https:\/\/epalu.fr\/wp-content\/uploads\/2020\/06\/IMG_20200604_140052-300x219.jpg\" alt=\"\" data-id=\"180\" data-full-url=\"https:\/\/epalu.fr\/wp-content\/uploads\/2020\/06\/IMG_20200604_140052-scaled.jpg\" data-link=\"https:\/\/epalu.fr\/index.php\/qui-sommes-nous\/edf-2\/\" class=\"wp-image-180\" srcset=\"https:\/\/epalu.fr\/wp-content\/uploads\/2020\/06\/IMG_20200604_140052-300x219.jpg 300w, https:\/\/epalu.fr\/wp-content\/uploads\/2020\/06\/IMG_20200604_140052-1024x747.jpg 1024w, https:\/\/epalu.fr\/wp-content\/uploads\/2020\/06\/IMG_20200604_140052-768x560.jpg 768w, https:\/\/epalu.fr\/wp-content\/uploads\/2020\/06\/IMG_20200604_140052-1536x1120.jpg 1536w, https:\/\/epalu.fr\/wp-content\/uploads\/2020\/06\/IMG_20200604_140052-2048x1494.jpg 2048w\" sizes=\"(max-width: 300px) 100vw, 300px\" \/><\/figure><\/li><\/ul><\/figure>\n\n\n\n<p><\/p>\n","protected":false},"excerpt":{"rendered":"<p>En 1999, l&rsquo;entreprise EPALU s&rsquo;est install\u00e9e \u00e0 Nogent-sur-Vernisson, au sud de Montargis et r\u00e9alise tous types de travaux de couverture. Nous travaillons des mat\u00e9riaux divers tels que&nbsp;: les&nbsp;tuiles, l&rsquo;ardoise, le&nbsp;zinc, les&nbsp;t\u00f4les, le&nbsp;bitume, le&nbsp;chaume, les&nbsp;bardeaux, le&nbsp;bois&nbsp;(liteau,&nbsp;volige), sans oublier divers ouvrages accessoires destin\u00e9s \u00e0 la protection climatique du b\u00e2timent (isolation thermique,&nbsp;sous-toiture) et autres. Depuis 2006, l&rsquo;entreprise EPALU &hellip;<br \/><a href=\"https:\/\/epalu.fr\/index.php\/qui-sommes-nous\/\" class=\"more-link pen_button pen_element_default pen_icon_arrow_double\">Continue reading <span class=\"screen-reader-text\">Qui sommes nous ?<\/span><\/a><\/p>\n","protected":false},"author":1,"featured_media":0,"parent":0,"menu_order":0,"comment_status":"closed","ping_status":"closed","template":"","meta":{"footnotes":""},"_links":{"self":[{"href":"https:\/\/epalu.fr\/index.php\/wp-json\/wp\/v2\/pages\/16"}],"collection":[{"href":"https:\/\/epalu.fr\/index.php\/wp-json\/wp\/v2\/pages"}],"about":[{"href":"https:\/\/epalu.fr\/index.php\/wp-json\/wp\/v2\/types\/page"}],"author":[{"embeddable":true,"href":"https:\/\/epalu.fr\/index.php\/wp-json\/wp\/v2\/users\/1"}],"replies":[{"embeddable":true,"href":"https:\/\/epalu.fr\/index.php\/wp-json\/wp\/v2\/comments?post=16"}],"version-history":[{"count":9,"href":"https:\/\/epalu.fr\/index.php\/wp-json\/wp\/v2\/pages\/16\/revisions"}],"predecessor-version":[{"id":186,"href":"https:\/\/epalu.fr\/index.php\/wp-json\/wp\/v2\/pages\/16\/revisions\/186"}],"wp:attachment":[{"href":"https:\/\/epalu.fr\/index.php\/wp-json\/wp\/v2\/media?parent=16"}],"curies":[{"name":"wp","href":"https:\/\/api.w.org\/{rel}","templated":true}]}}